{"id":1073,"date":"2023-03-17T20:00:28","date_gmt":"2023-03-17T19:00:28","guid":{"rendered":"https:\/\/woven.sk\/products\/"},"modified":"2023-11-23T22:12:30","modified_gmt":"2023-11-23T21:12:30","slug":"produkty","status":"publish","type":"page","link":"https:\/\/woven.sk\/sk\/produkty\/","title":{"rendered":"Produkty"},"content":{"rendered":"\t\t<div data-elementor-type=\"wp-page\" data-elementor-id=\"1073\" class=\"elementor elementor-1073 elementor-199\" data-elementor-post-type=\"page\">\n\t\t\t\t\t\t\t\t\t<section class=\"elementor-section elementor-top-section elementor-element elementor-element-21d3b10 elementor-section-boxed elementor-section-height-default elementor-section-height-default\" data-id=\"21d3b10\" data-element_type=\"section\">\n\t\t\t\t\t\t<div class=\"elementor-container elementor-column-gap-default\">\n\t\t\t\t\t<div class=\"elementor-column elementor-col-100 elementor-top-column elementor-element elementor-element-94cd105\" data-id=\"94cd105\" data-element_type=\"column\">\n\t\t\t<div class=\"elementor-widget-wrap elementor-element-populated\">\n\t\t\t\t\t\t\t\t<section class=\"elementor-section elementor-inner-section elementor-element elementor-element-b4530ad elementor-section-boxed elementor-section-height-default elementor-section-height-default\" data-id=\"b4530ad\" data-element_type=\"section\">\n\t\t\t\t\t\t<div class=\"elementor-container elementor-column-gap-default\">\n\t\t\t\t\t<div class=\"elementor-column elementor-col-50 elementor-inner-column elementor-element elementor-element-81a519e\" data-id=\"81a519e\" data-element_type=\"column\">\n\t\t\t<div class=\"elementor-widget-wrap elementor-element-populated\">\n\t\t\t\t\t\t\t\t<div class=\"elementor-element elementor-element-4b66dbc elementor-widget elementor-widget-text-editor\" data-id=\"4b66dbc\" data-element_type=\"widget\" data-widget_type=\"text-editor.default\">\n\t\t\t\t<div class=\"elementor-widget-container\">\n\t\t\t<style>\/*! elementor - v3.17.0 - 08-11-2023 *\/\n.elementor-widget-text-editor.elementor-drop-cap-view-stacked .elementor-drop-cap{background-color:#69727d;color:#fff}.elementor-widget-text-editor.elementor-drop-cap-view-framed .elementor-drop-cap{color:#69727d;border:3px solid;background-color:transparent}.elementor-widget-text-editor:not(.elementor-drop-cap-view-default) .elementor-drop-cap{margin-top:8px}.elementor-widget-text-editor:not(.elementor-drop-cap-view-default) .elementor-drop-cap-letter{width:1em;height:1em}.elementor-widget-text-editor .elementor-drop-cap{float:left;text-align:center;line-height:1;font-size:50px}.elementor-widget-text-editor .elementor-drop-cap-letter{display:inline-block}<\/style>\t\t\t\tPreh\u013ead hotov\u00fdch projektov, ktor\u00e9 sa daj\u00fa prisp\u00f4sobi\u0165 va\u0161im po\u017eiadavk\u00e1m.\t\t\t\t\t\t<\/div>\n\t\t\t\t<\/div>\n\t\t\t\t\t<\/div>\n\t\t<\/div>\n\t\t\t\t<div class=\"elementor-column elementor-col-50 elementor-inner-column elementor-element elementor-element-e44d193 elementor-hidden-tablet elementor-hidden-mobile\" data-id=\"e44d193\" data-element_type=\"column\">\n\t\t\t<div class=\"elementor-widget-wrap\">\n\t\t\t\t\t\t\t\t\t<\/div>\n\t\t<\/div>\n\t\t\t\t\t\t\t<\/div>\n\t\t<\/section>\n\t\t\t\t\t<\/div>\n\t\t<\/div>\n\t\t\t\t\t\t\t<\/div>\n\t\t<\/section>\n\t\t\t\t<section class=\"elementor-section elementor-top-section elementor-element elementor-element-fbc48cd cpt-listing-wrapper elementor-section-boxed elementor-section-height-default elementor-section-height-default\" data-id=\"fbc48cd\" data-element_type=\"section\">\n\t\t\t\t\t\t<div class=\"elementor-container elementor-column-gap-default\">\n\t\t\t\t\t<div class=\"elementor-column elementor-col-100 elementor-top-column elementor-element elementor-element-beaadfb\" data-id=\"beaadfb\" data-element_type=\"column\">\n\t\t\t<div class=\"elementor-widget-wrap elementor-element-populated\">\n\t\t\t\t\t\t\t\t\t<\/div>\n\t\t<\/div>\n\t\t\t\t\t\t\t<\/div>\n\t\t<\/section>\n\t\t\t\t\t\t\t<\/div>\n\t\t","protected":false},"excerpt":{"rendered":"<p>Preh\u013ead hotov\u00fdch projektov, ktor\u00e9 sa daj\u00fa prisp\u00f4sobi\u0165 va\u0161im po\u017eiadavk\u00e1m.<\/p>\n","protected":false},"author":1,"featured_media":0,"parent":0,"menu_order":0,"comment_status":"closed","ping_status":"closed","template":"","meta":{"footnotes":""},"yoast_head":"<!-- This site is optimized with the Yoast SEO plugin v21.6 - https:\/\/yoast.com\/wordpress\/plugins\/seo\/ -->\n<title>Produkty | woven<\/title>\n<meta name=\"description\" content=\"Preh\u013ead hotov\u00fdch projektov, ktor\u00e9 sa daj\u00fa prisp\u00f4sobi\u0165 va\u0161im po\u017eiadavk\u00e1m.\" \/>\n<meta name=\"robots\" content=\"index, follow, max-snippet:-1, max-image-preview:large, max-video-preview:-1\" \/>\n<link rel=\"canonical\" href=\"https:\/\/woven.sk\/sk\/produkty\/\" \/>\n<meta property=\"og:locale\" content=\"sk_SK\" \/>\n<meta property=\"og:type\" content=\"article\" \/>\n<meta property=\"og:title\" content=\"Produkty | woven\" \/>\n<meta property=\"og:description\" content=\"Preh\u013ead hotov\u00fdch projektov, ktor\u00e9 sa daj\u00fa prisp\u00f4sobi\u0165 va\u0161im po\u017eiadavk\u00e1m.\" \/>\n<meta property=\"og:url\" content=\"https:\/\/woven.sk\/sk\/produkty\/\" \/>\n<meta property=\"og:site_name\" content=\"woven\" \/>\n<meta property=\"article:publisher\" content=\"https:\/\/www.facebook.com\/popletene\" \/>\n<meta property=\"article:modified_time\" content=\"2023-11-23T21:12:30+00:00\" \/>\n<meta property=\"og:image\" content=\"https:\/\/woven.sk\/wp-content\/uploads\/2023\/11\/woven-workshop-forest-sauna-final-31.jpg\" \/>\n\t<meta property=\"og:image:width\" content=\"2160\" \/>\n\t<meta property=\"og:image:height\" content=\"1440\" \/>\n\t<meta property=\"og:image:type\" content=\"image\/jpeg\" \/>\n<meta name=\"twitter:card\" content=\"summary_large_image\" \/>\n<meta name=\"twitter:label1\" content=\"Predpokladan\u00fd \u010das \u010d\u00edtania\" \/>\n\t<meta name=\"twitter:data1\" content=\"1 min\u00fata\" \/>\n<script type=\"application\/ld+json\" class=\"yoast-schema-graph\">{\"@context\":\"https:\/\/schema.org\",\"@graph\":[{\"@type\":\"WebPage\",\"@id\":\"https:\/\/woven.sk\/sk\/produkty\/\",\"url\":\"https:\/\/woven.sk\/sk\/produkty\/\",\"name\":\"Produkty | woven\",\"isPartOf\":{\"@id\":\"https:\/\/woven.sk\/en\/#website\"},\"datePublished\":\"2023-03-17T19:00:28+00:00\",\"dateModified\":\"2023-11-23T21:12:30+00:00\",\"description\":\"Preh\u013ead hotov\u00fdch projektov, ktor\u00e9 sa daj\u00fa prisp\u00f4sobi\u0165 va\u0161im po\u017eiadavk\u00e1m.\",\"breadcrumb\":{\"@id\":\"https:\/\/woven.sk\/sk\/produkty\/#breadcrumb\"},\"inLanguage\":\"sk-SK\",\"potentialAction\":[{\"@type\":\"ReadAction\",\"target\":[\"https:\/\/woven.sk\/sk\/produkty\/\"]}]},{\"@type\":\"BreadcrumbList\",\"@id\":\"https:\/\/woven.sk\/sk\/produkty\/#breadcrumb\",\"itemListElement\":[{\"@type\":\"ListItem\",\"position\":1,\"name\":\"Home\",\"item\":\"https:\/\/woven.sk\/sk\/\"},{\"@type\":\"ListItem\",\"position\":2,\"name\":\"Produkty\"}]},{\"@type\":\"WebSite\",\"@id\":\"https:\/\/woven.sk\/en\/#website\",\"url\":\"https:\/\/woven.sk\/en\/\",\"name\":\"WOVEN\",\"description\":\"\",\"publisher\":{\"@id\":\"https:\/\/woven.sk\/en\/#organization\"},\"potentialAction\":[{\"@type\":\"SearchAction\",\"target\":{\"@type\":\"EntryPoint\",\"urlTemplate\":\"https:\/\/woven.sk\/en\/?s={search_term_string}\"},\"query-input\":\"required name=search_term_string\"}],\"inLanguage\":\"sk-SK\"},{\"@type\":\"Organization\",\"@id\":\"https:\/\/woven.sk\/en\/#organization\",\"name\":\"WOVEN\",\"url\":\"https:\/\/woven.sk\/en\/\",\"logo\":{\"@type\":\"ImageObject\",\"inLanguage\":\"sk-SK\",\"@id\":\"https:\/\/woven.sk\/en\/#\/schema\/logo\/image\/\",\"url\":\"https:\/\/woven.sk\/wp-content\/uploads\/2023\/03\/woven_logo_3.gif\",\"contentUrl\":\"https:\/\/woven.sk\/wp-content\/uploads\/2023\/03\/woven_logo_3.gif\",\"width\":430,\"height\":180,\"caption\":\"WOVEN\"},\"image\":{\"@id\":\"https:\/\/woven.sk\/en\/#\/schema\/logo\/image\/\"},\"sameAs\":[\"https:\/\/www.facebook.com\/popletene\",\"https:\/\/www.instagram.com\/woven_studio\/\"]}]}<\/script>\n<!-- \/ Yoast SEO plugin. -->","yoast_head_json":{"title":"Produkty | woven","description":"Preh\u013ead hotov\u00fdch projektov, ktor\u00e9 sa daj\u00fa prisp\u00f4sobi\u0165 va\u0161im po\u017eiadavk\u00e1m.","robots":{"index":"index","follow":"follow","max-snippet":"max-snippet:-1","max-image-preview":"max-image-preview:large","max-video-preview":"max-video-preview:-1"},"canonical":"https:\/\/woven.sk\/sk\/produkty\/","og_locale":"sk_SK","og_type":"article","og_title":"Produkty | woven","og_description":"Preh\u013ead hotov\u00fdch projektov, ktor\u00e9 sa daj\u00fa prisp\u00f4sobi\u0165 va\u0161im po\u017eiadavk\u00e1m.","og_url":"https:\/\/woven.sk\/sk\/produkty\/","og_site_name":"woven","article_publisher":"https:\/\/www.facebook.com\/popletene","article_modified_time":"2023-11-23T21:12:30+00:00","og_image":[{"width":2160,"height":1440,"url":"https:\/\/woven.sk\/wp-content\/uploads\/2023\/11\/woven-workshop-forest-sauna-final-31.jpg","type":"image\/jpeg"}],"twitter_card":"summary_large_image","twitter_misc":{"Predpokladan\u00fd \u010das \u010d\u00edtania":"1 min\u00fata"},"schema":{"@context":"https:\/\/schema.org","@graph":[{"@type":"WebPage","@id":"https:\/\/woven.sk\/sk\/produkty\/","url":"https:\/\/woven.sk\/sk\/produkty\/","name":"Produkty | woven","isPartOf":{"@id":"https:\/\/woven.sk\/en\/#website"},"datePublished":"2023-03-17T19:00:28+00:00","dateModified":"2023-11-23T21:12:30+00:00","description":"Preh\u013ead hotov\u00fdch projektov, ktor\u00e9 sa daj\u00fa prisp\u00f4sobi\u0165 va\u0161im po\u017eiadavk\u00e1m.","breadcrumb":{"@id":"https:\/\/woven.sk\/sk\/produkty\/#breadcrumb"},"inLanguage":"sk-SK","potentialAction":[{"@type":"ReadAction","target":["https:\/\/woven.sk\/sk\/produkty\/"]}]},{"@type":"BreadcrumbList","@id":"https:\/\/woven.sk\/sk\/produkty\/#breadcrumb","itemListElement":[{"@type":"ListItem","position":1,"name":"Home","item":"https:\/\/woven.sk\/sk\/"},{"@type":"ListItem","position":2,"name":"Produkty"}]},{"@type":"WebSite","@id":"https:\/\/woven.sk\/en\/#website","url":"https:\/\/woven.sk\/en\/","name":"WOVEN","description":"","publisher":{"@id":"https:\/\/woven.sk\/en\/#organization"},"potentialAction":[{"@type":"SearchAction","target":{"@type":"EntryPoint","urlTemplate":"https:\/\/woven.sk\/en\/?s={search_term_string}"},"query-input":"required name=search_term_string"}],"inLanguage":"sk-SK"},{"@type":"Organization","@id":"https:\/\/woven.sk\/en\/#organization","name":"WOVEN","url":"https:\/\/woven.sk\/en\/","logo":{"@type":"ImageObject","inLanguage":"sk-SK","@id":"https:\/\/woven.sk\/en\/#\/schema\/logo\/image\/","url":"https:\/\/woven.sk\/wp-content\/uploads\/2023\/03\/woven_logo_3.gif","contentUrl":"https:\/\/woven.sk\/wp-content\/uploads\/2023\/03\/woven_logo_3.gif","width":430,"height":180,"caption":"WOVEN"},"image":{"@id":"https:\/\/woven.sk\/en\/#\/schema\/logo\/image\/"},"sameAs":["https:\/\/www.facebook.com\/popletene","https:\/\/www.instagram.com\/woven_studio\/"]}]}},"_links":{"self":[{"href":"https:\/\/woven.sk\/sk\/wp-json\/wp\/v2\/pages\/1073"}],"collection":[{"href":"https:\/\/woven.sk\/sk\/wp-json\/wp\/v2\/pages"}],"about":[{"href":"https:\/\/woven.sk\/sk\/wp-json\/wp\/v2\/types\/page"}],"author":[{"embeddable":true,"href":"https:\/\/woven.sk\/sk\/wp-json\/wp\/v2\/users\/1"}],"replies":[{"embeddable":true,"href":"https:\/\/woven.sk\/sk\/wp-json\/wp\/v2\/comments?post=1073"}],"version-history":[{"count":1,"href":"https:\/\/woven.sk\/sk\/wp-json\/wp\/v2\/pages\/1073\/revisions"}],"predecessor-version":[{"id":3003,"href":"https:\/\/woven.sk\/sk\/wp-json\/wp\/v2\/pages\/1073\/revisions\/3003"}],"wp:attachment":[{"href":"https:\/\/woven.sk\/sk\/wp-json\/wp\/v2\/media?parent=1073"}],"curies":[{"name":"wp","href":"https:\/\/api.w.org\/{rel}","templated":true}]}}