{"id":92,"date":"2023-03-17T16:19:09","date_gmt":"2023-03-17T15:19:09","guid":{"rendered":"https:\/\/woven.sk\/?page_id=92"},"modified":"2023-12-06T22:14:22","modified_gmt":"2023-12-06T21:14:22","slug":"contact","status":"publish","type":"page","link":"https:\/\/woven.sk\/en\/contact\/","title":{"rendered":"Contact"},"content":{"rendered":"\t\t<div data-elementor-type=\"wp-page\" data-elementor-id=\"92\" class=\"elementor elementor-92\" data-elementor-post-type=\"page\">\n\t\t\t\t\t\t\t\t\t<section class=\"elementor-section elementor-top-section elementor-element elementor-element-df75129 elementor-section-boxed elementor-section-height-default elementor-section-height-default\" data-id=\"df75129\" data-element_type=\"section\">\n\t\t\t\t\t\t<div class=\"elementor-container elementor-column-gap-default\">\n\t\t\t\t\t<div class=\"elementor-column elementor-col-100 elementor-top-column elementor-element elementor-element-7801164\" data-id=\"7801164\" data-element_type=\"column\">\n\t\t\t<div class=\"elementor-widget-wrap elementor-element-populated\">\n\t\t\t\t\t\t\t\t<section class=\"elementor-section elementor-inner-section elementor-element elementor-element-0efd098 elementor-section-boxed elementor-section-height-default elementor-section-height-default\" data-id=\"0efd098\" data-element_type=\"section\">\n\t\t\t\t\t\t<div class=\"elementor-container elementor-column-gap-default\">\n\t\t\t\t\t<div class=\"elementor-column elementor-col-100 elementor-inner-column elementor-element elementor-element-1c193c5\" data-id=\"1c193c5\" data-element_type=\"column\">\n\t\t\t<div class=\"elementor-widget-wrap elementor-element-populated\">\n\t\t\t\t\t\t\t\t\t<\/div>\n\t\t<\/div>\n\t\t\t\t\t\t\t<\/div>\n\t\t<\/section>\n\t\t\t\t<section class=\"elementor-section elementor-inner-section elementor-element elementor-element-aa2f910 elementor-section-boxed elementor-section-height-default elementor-section-height-default\" data-id=\"aa2f910\" data-element_type=\"section\">\n\t\t\t\t\t\t<div class=\"elementor-container elementor-column-gap-default\">\n\t\t\t\t\t<div class=\"elementor-column elementor-col-33 elementor-inner-column elementor-element elementor-element-31e35d4\" data-id=\"31e35d4\" data-element_type=\"column\">\n\t\t\t<div class=\"elementor-widget-wrap elementor-element-populated\">\n\t\t\t\t\t\t\t\t<div class=\"elementor-element elementor-element-ec1027f elementor-widget elementor-widget-text-editor\" data-id=\"ec1027f\" data-element_type=\"widget\" data-widget_type=\"text-editor.default\">\n\t\t\t\t<div class=\"elementor-widget-container\">\n\t\t\t<style>\/*! elementor - v3.17.0 - 08-11-2023 *\/\n.elementor-widget-text-editor.elementor-drop-cap-view-stacked .elementor-drop-cap{background-color:#69727d;color:#fff}.elementor-widget-text-editor.elementor-drop-cap-view-framed .elementor-drop-cap{color:#69727d;border:3px solid;background-color:transparent}.elementor-widget-text-editor:not(.elementor-drop-cap-view-default) .elementor-drop-cap{margin-top:8px}.elementor-widget-text-editor:not(.elementor-drop-cap-view-default) .elementor-drop-cap-letter{width:1em;height:1em}.elementor-widget-text-editor .elementor-drop-cap{float:left;text-align:center;line-height:1;font-size:50px}.elementor-widget-text-editor .elementor-drop-cap-letter{display:inline-block}<\/style>\t\t\t\t<p>OZ WOVEN<br \/>Brnianska 25, 811 04 Bratislava<br \/>Slovensk\u00e1 republika<\/p>\t\t\t\t\t\t<\/div>\n\t\t\t\t<\/div>\n\t\t\t\t\t<\/div>\n\t\t<\/div>\n\t\t\t\t<div class=\"elementor-column elementor-col-33 elementor-inner-column elementor-element elementor-element-5b8fc58\" data-id=\"5b8fc58\" data-element_type=\"column\">\n\t\t\t<div class=\"elementor-widget-wrap elementor-element-populated\">\n\t\t\t\t\t\t\t\t<div class=\"elementor-element elementor-element-70bde5f contact-info-wrapper elementor-widget elementor-widget-text-editor\" data-id=\"70bde5f\" data-element_type=\"widget\" data-widget_type=\"text-editor.default\">\n\t\t\t\t<div class=\"elementor-widget-container\">\n\t\t\t\t\t\t\t<p>Anna Cs\u00e9falvay <a href=\"tel:+44 7746 568 689\">+44 7746 568 689<\/a><br \/>Marianna Maczov\u00e1 <a href=\"tel:+421 944 870 570\">+421 944 870 570<\/a><br \/>Veronika Michal\u00edkov\u00e1 <a href=\"tel:+421 905 16 55 52\">+421 905 16 55 52<\/a><br \/>Danica Pi\u0161tekov\u00e1 <a href=\"tel:+421 907 64 53 17\">+421 907 64 53 17<\/a><\/p>\t\t\t\t\t\t<\/div>\n\t\t\t\t<\/div>\n\t\t\t\t\t<\/div>\n\t\t<\/div>\n\t\t\t\t<div class=\"elementor-column elementor-col-33 elementor-inner-column elementor-element elementor-element-86403eb\" data-id=\"86403eb\" data-element_type=\"column\">\n\t\t\t<div class=\"elementor-widget-wrap elementor-element-populated\">\n\t\t\t\t\t\t\t\t<div class=\"elementor-element elementor-element-081ec9f elementor-widget elementor-widget-text-editor\" data-id=\"081ec9f\" data-element_type=\"widget\" data-widget_type=\"text-editor.default\">\n\t\t\t\t<div class=\"elementor-widget-container\">\n\t\t\t\t\t\t\t<p><a href=\"mailto:studio@woven.sk\">studio@woven.sk<\/a><\/p>\t\t\t\t\t\t<\/div>\n\t\t\t\t<\/div>\n\t\t\t\t\t<\/div>\n\t\t<\/div>\n\t\t\t\t\t\t\t<\/div>\n\t\t<\/section>\n\t\t\t\t\t<\/div>\n\t\t<\/div>\n\t\t\t\t\t\t\t<\/div>\n\t\t<\/section>\n\t\t\t\t<section class=\"elementor-section elementor-top-section elementor-element elementor-element-4c480e6 elementor-section-boxed elementor-section-height-default elementor-section-height-default\" data-id=\"4c480e6\" data-element_type=\"section\" data-settings=\"{&quot;background_background&quot;:&quot;classic&quot;}\">\n\t\t\t\t\t\t<div class=\"elementor-container elementor-column-gap-default\">\n\t\t\t\t\t<div class=\"elementor-column elementor-col-100 elementor-top-column elementor-element elementor-element-c52d2fe\" data-id=\"c52d2fe\" data-element_type=\"column\">\n\t\t\t<div class=\"elementor-widget-wrap elementor-element-populated\">\n\t\t\t\t\t\t\t\t<section class=\"elementor-section elementor-inner-section elementor-element elementor-element-760b78d elementor-section-boxed elementor-section-height-default elementor-section-height-default\" data-id=\"760b78d\" data-element_type=\"section\">\n\t\t\t\t\t\t<div class=\"elementor-container elementor-column-gap-default\">\n\t\t\t\t\t<div class=\"elementor-column elementor-col-50 elementor-inner-column elementor-element elementor-element-fb0ef6e\" data-id=\"fb0ef6e\" data-element_type=\"column\">\n\t\t\t<div class=\"elementor-widget-wrap elementor-element-populated\">\n\t\t\t\t\t\t\t\t<div class=\"elementor-element elementor-element-fc86690 elementor-widget elementor-widget-heading\" data-id=\"fc86690\" data-element_type=\"widget\" data-widget_type=\"heading.default\">\n\t\t\t\t<div class=\"elementor-widget-container\">\n\t\t\t<style>\/*! elementor - v3.17.0 - 08-11-2023 *\/\n.elementor-heading-title{padding:0;margin:0;line-height:1}.elementor-widget-heading .elementor-heading-title[class*=elementor-size-]>a{color:inherit;font-size:inherit;line-height:inherit}.elementor-widget-heading .elementor-heading-title.elementor-size-small{font-size:15px}.elementor-widget-heading .elementor-heading-title.elementor-size-medium{font-size:19px}.elementor-widget-heading .elementor-heading-title.elementor-size-large{font-size:29px}.elementor-widget-heading .elementor-heading-title.elementor-size-xl{font-size:39px}.elementor-widget-heading .elementor-heading-title.elementor-size-xxl{font-size:59px}<\/style><h2 class=\"elementor-heading-title elementor-size-default\">Contact form<\/h2>\t\t<\/div>\n\t\t\t\t<\/div>\n\t\t\t\t\t<\/div>\n\t\t<\/div>\n\t\t\t\t<div class=\"elementor-column elementor-col-50 elementor-inner-column elementor-element elementor-element-7815dc8\" data-id=\"7815dc8\" data-element_type=\"column\">\n\t\t\t<div class=\"elementor-widget-wrap elementor-element-populated\">\n\t\t\t\t\t\t\t\t<div class=\"elementor-element elementor-element-b52343a form-white elementor-widget elementor-widget-shortcode\" data-id=\"b52343a\" data-element_type=\"widget\" data-widget_type=\"shortcode.default\">\n\t\t\t\t<div class=\"elementor-widget-container\">\n\t\t\t\t\t<div class=\"elementor-shortcode\">\n<div class=\"wpcf7 no-js\" id=\"wpcf7-f103-o1\" lang=\"sk-SK\" dir=\"ltr\">\n<div class=\"screen-reader-response\"><p role=\"status\" aria-live=\"polite\" aria-atomic=\"true\"><\/p> <ul><\/ul><\/div>\n<form action=\"\/en\/wp-json\/wp\/v2\/pages\/92#wpcf7-f103-o1\" method=\"post\" class=\"wpcf7-form init wpcf7-acceptance-as-validation\" aria-label=\"Kontaktn\u00fd formul\u00e1r\" novalidate=\"novalidate\" data-status=\"init\">\n<div style=\"display: none;\">\n<input type=\"hidden\" name=\"_wpcf7\" value=\"103\" \/>\n<input type=\"hidden\" name=\"_wpcf7_version\" value=\"5.8.4\" \/>\n<input type=\"hidden\" name=\"_wpcf7_locale\" value=\"sk_SK\" \/>\n<input type=\"hidden\" name=\"_wpcf7_unit_tag\" value=\"wpcf7-f103-o1\" \/>\n<input type=\"hidden\" name=\"_wpcf7_container_post\" value=\"0\" \/>\n<input type=\"hidden\" name=\"_wpcf7_posted_data_hash\" value=\"\" \/>\n<input type=\"hidden\" name=\"_wpcf7_recaptcha_response\" value=\"\" \/>\n<\/div>\n<p><span class=\"wpcf7-form-control-wrap\" data-name=\"your-name\"><input size=\"40\" class=\"wpcf7-form-control wpcf7-text wpcf7-validates-as-required\" aria-required=\"true\" aria-invalid=\"false\" placeholder=\"Your name\" value=\"\" type=\"text\" name=\"your-name\" \/><\/span><br \/>\n<span class=\"wpcf7-form-control-wrap\" data-name=\"your-email\"><input size=\"40\" class=\"wpcf7-form-control wpcf7-email wpcf7-validates-as-required wpcf7-text wpcf7-validates-as-email\" aria-required=\"true\" aria-invalid=\"false\" placeholder=\"E-mail address\" value=\"\" type=\"email\" name=\"your-email\" \/><\/span><br \/>\n<span class=\"wpcf7-form-control-wrap\" data-name=\"your-message\"><textarea cols=\"40\" rows=\"8\" class=\"wpcf7-form-control wpcf7-textarea\" aria-invalid=\"false\" placeholder=\"Your message\" name=\"your-message\"><\/textarea><\/span><br \/>\n<span class=\"wpcf7-form-control-wrap\" data-name=\"GDPR\"><span class=\"wpcf7-form-control wpcf7-acceptance\"><span class=\"wpcf7-list-item\"><label><input type=\"checkbox\" name=\"GDPR\" value=\"1\" aria-invalid=\"false\" \/><span class=\"wpcf7-list-item-label\">I have read and agree to the <a href=\"\/privacy-policy\/\" target=\"_Blank\">processing of personal data<\/a>.<\/span><\/label><\/span><\/span><\/span>\n<\/p>\n<p class=\"recapcha-text mb-0\">This site is protected by reCAPTCHA and the Google <a href=\"https:\/\/policies.google.com\/privacy\" target=\"_Blank\">Privacy Policy<\/a> and <a href=\"https:\/\/policies.google.com\/terms\" target=\"_Blank\">Terms of Service<\/a> apply.\n<\/p>\n<p><input class=\"wpcf7-form-control wpcf7-submit has-spinner\" type=\"submit\" value=\"Send message\" \/>\n<\/p><div class=\"wpcf7-response-output\" aria-hidden=\"true\"><\/div>\n<\/form>\n<\/div>\n<\/div>\n\t\t\t\t<\/div>\n\t\t\t\t<\/div>\n\t\t\t\t\t<\/div>\n\t\t<\/div>\n\t\t\t\t\t\t\t<\/div>\n\t\t<\/section>\n\t\t\t\t\t<\/div>\n\t\t<\/div>\n\t\t\t\t\t\t\t<\/div>\n\t\t<\/section>\n\t\t\t\t<section class=\"elementor-section elementor-top-section elementor-element elementor-element-d39bac0 elementor-section-boxed elementor-section-height-default elementor-section-height-default\" data-id=\"d39bac0\" data-element_type=\"section\" data-settings=\"{&quot;background_background&quot;:&quot;classic&quot;}\">\n\t\t\t\t\t\t<div class=\"elementor-container elementor-column-gap-default\">\n\t\t\t\t\t<div class=\"elementor-column elementor-col-100 elementor-top-column elementor-element elementor-element-a986437\" data-id=\"a986437\" data-element_type=\"column\">\n\t\t\t<div class=\"elementor-widget-wrap elementor-element-populated\">\n\t\t\t\t\t\t\t\t<section class=\"elementor-section elementor-inner-section elementor-element elementor-element-fc029b0 elementor-section-boxed elementor-section-height-default elementor-section-height-default\" data-id=\"fc029b0\" data-element_type=\"section\">\n\t\t\t\t\t\t<div class=\"elementor-container elementor-column-gap-default\">\n\t\t\t\t\t<div class=\"elementor-column elementor-col-50 elementor-inner-column elementor-element elementor-element-551c920\" data-id=\"551c920\" data-element_type=\"column\">\n\t\t\t<div class=\"elementor-widget-wrap elementor-element-populated\">\n\t\t\t\t\t\t\t\t<div class=\"elementor-element elementor-element-19dc6d7 elementor-widget elementor-widget-text-editor\" data-id=\"19dc6d7\" data-element_type=\"widget\" data-widget_type=\"text-editor.default\">\n\t\t\t\t<div class=\"elementor-widget-container\">\n\t\t\t\t\t\t\t<p>Billing information:<br \/>I\u010cO: 42415349<br \/>DI\u010c: 2120451487<br \/>I\u010c DPH: SK2120451487<\/p>\t\t\t\t\t\t<\/div>\n\t\t\t\t<\/div>\n\t\t\t\t\t<\/div>\n\t\t<\/div>\n\t\t\t\t<div class=\"elementor-column elementor-col-50 elementor-inner-column elementor-element elementor-element-bb3dfd5\" data-id=\"bb3dfd5\" data-element_type=\"column\">\n\t\t\t<div class=\"elementor-widget-wrap elementor-element-populated\">\n\t\t\t\t\t\t\t\t<div class=\"elementor-element elementor-element-3a11e50 elementor-widget elementor-widget-text-editor\" data-id=\"3a11e50\" data-element_type=\"widget\" data-widget_type=\"text-editor.default\">\n\t\t\t\t<div class=\"elementor-widget-container\">\n\t\t\t\t\t\t\t<p>Payment data:<br \/>IBAN SK4683300000002000732032<br \/>SWIFT\/BIC FIOZSKBAXXX<\/p>\t\t\t\t\t\t<\/div>\n\t\t\t\t<\/div>\n\t\t\t\t\t<\/div>\n\t\t<\/div>\n\t\t\t\t\t\t\t<\/div>\n\t\t<\/section>\n\t\t\t\t\t<\/div>\n\t\t<\/div>\n\t\t\t\t\t\t\t<\/div>\n\t\t<\/section>\n\t\t\t\t\t\t\t<\/div>\n\t\t","protected":false},"excerpt":{"rendered":"<p>OZ WOVENBrnianska 25, 811 04 BratislavaSlovensk\u00e1 republika Anna Cs\u00e9falvay +44 7746 568 689Marianna Maczov\u00e1 +421 944 870 570Veronika Michal\u00edkov\u00e1 +421 905 16 55 52Danica Pi\u0161tekov\u00e1 +421 907 64 53 17 studio@woven.sk Contact form Billing information:I\u010cO: 42415349DI\u010c: 2120451487I\u010c DPH: SK2120451487 Payment data:IBAN SK4683300000002000732032SWIFT\/BIC FIOZSKBAXXX<\/p>\n","protected":false},"author":1,"featured_media":0,"parent":0,"menu_order":0,"comment_status":"closed","ping_status":"closed","template":"","meta":{"footnotes":""},"yoast_head":"<!-- This site is optimized with the Yoast SEO plugin v21.6 - https:\/\/yoast.com\/wordpress\/plugins\/seo\/ -->\n<title>Contact | woven<\/title>\n<meta name=\"description\" content=\"If you are interested, do not hesitate to contact us. OZ WOVEN Brnianska 25, 811 04 Bratislava | E-mail: studio@woven.sk\" \/>\n<meta name=\"robots\" content=\"index, follow, max-snippet:-1, max-image-preview:large, max-video-preview:-1\" \/>\n<link rel=\"canonical\" href=\"https:\/\/woven.sk\/en\/contact\/\" \/>\n<meta property=\"og:locale\" content=\"en_US\" \/>\n<meta property=\"og:type\" content=\"article\" \/>\n<meta property=\"og:title\" content=\"Contact | woven\" \/>\n<meta property=\"og:description\" content=\"If you are interested, do not hesitate to contact us. OZ WOVEN Brnianska 25, 811 04 Bratislava | E-mail: studio@woven.sk\" \/>\n<meta property=\"og:url\" content=\"https:\/\/woven.sk\/en\/contact\/\" \/>\n<meta property=\"og:site_name\" content=\"woven\" \/>\n<meta property=\"article:publisher\" content=\"https:\/\/www.facebook.com\/popletene\" \/>\n<meta property=\"article:modified_time\" content=\"2023-12-06T21:14:22+00:00\" \/>\n<meta property=\"og:image\" content=\"https:\/\/woven.sk\/wp-content\/uploads\/2023\/11\/woven-workshop-forest-sauna-final-31.jpg\" \/>\n\t<meta property=\"og:image:width\" content=\"2160\" \/>\n\t<meta property=\"og:image:height\" content=\"1440\" \/>\n\t<meta property=\"og:image:type\" content=\"image\/jpeg\" \/>\n<meta name=\"twitter:card\" content=\"summary_large_image\" \/>\n<meta name=\"twitter:label1\" content=\"Est. reading time\" \/>\n\t<meta name=\"twitter:data1\" content=\"1 minute\" \/>\n<script type=\"application\/ld+json\" class=\"yoast-schema-graph\">{\"@context\":\"https:\/\/schema.org\",\"@graph\":[{\"@type\":\"WebPage\",\"@id\":\"https:\/\/woven.sk\/en\/contact\/\",\"url\":\"https:\/\/woven.sk\/en\/contact\/\",\"name\":\"Contact | woven\",\"isPartOf\":{\"@id\":\"https:\/\/woven.sk\/en\/#website\"},\"datePublished\":\"2023-03-17T15:19:09+00:00\",\"dateModified\":\"2023-12-06T21:14:22+00:00\",\"description\":\"If you are interested, do not hesitate to contact us. OZ WOVEN Brnianska 25, 811 04 Bratislava | E-mail: studio@woven.sk\",\"breadcrumb\":{\"@id\":\"https:\/\/woven.sk\/en\/contact\/#breadcrumb\"},\"inLanguage\":\"en-US\",\"potentialAction\":[{\"@type\":\"ReadAction\",\"target\":[\"https:\/\/woven.sk\/en\/contact\/\"]}]},{\"@type\":\"BreadcrumbList\",\"@id\":\"https:\/\/woven.sk\/en\/contact\/#breadcrumb\",\"itemListElement\":[{\"@type\":\"ListItem\",\"position\":1,\"name\":\"Home\",\"item\":\"https:\/\/woven.sk\/en\/\"},{\"@type\":\"ListItem\",\"position\":2,\"name\":\"Contact\"}]},{\"@type\":\"WebSite\",\"@id\":\"https:\/\/woven.sk\/en\/#website\",\"url\":\"https:\/\/woven.sk\/en\/\",\"name\":\"WOVEN\",\"description\":\"\",\"publisher\":{\"@id\":\"https:\/\/woven.sk\/en\/#organization\"},\"potentialAction\":[{\"@type\":\"SearchAction\",\"target\":{\"@type\":\"EntryPoint\",\"urlTemplate\":\"https:\/\/woven.sk\/en\/?s={search_term_string}\"},\"query-input\":\"required name=search_term_string\"}],\"inLanguage\":\"en-US\"},{\"@type\":\"Organization\",\"@id\":\"https:\/\/woven.sk\/en\/#organization\",\"name\":\"WOVEN\",\"url\":\"https:\/\/woven.sk\/en\/\",\"logo\":{\"@type\":\"ImageObject\",\"inLanguage\":\"en-US\",\"@id\":\"https:\/\/woven.sk\/en\/#\/schema\/logo\/image\/\",\"url\":\"https:\/\/woven.sk\/wp-content\/uploads\/2023\/03\/woven_logo_3.gif\",\"contentUrl\":\"https:\/\/woven.sk\/wp-content\/uploads\/2023\/03\/woven_logo_3.gif\",\"width\":430,\"height\":180,\"caption\":\"WOVEN\"},\"image\":{\"@id\":\"https:\/\/woven.sk\/en\/#\/schema\/logo\/image\/\"},\"sameAs\":[\"https:\/\/www.facebook.com\/popletene\",\"https:\/\/www.instagram.com\/woven_studio\/\"]}]}<\/script>\n<!-- \/ Yoast SEO plugin. -->","yoast_head_json":{"title":"Contact | woven","description":"If you are interested, do not hesitate to contact us. OZ WOVEN Brnianska 25, 811 04 Bratislava | E-mail: studio@woven.sk","robots":{"index":"index","follow":"follow","max-snippet":"max-snippet:-1","max-image-preview":"max-image-preview:large","max-video-preview":"max-video-preview:-1"},"canonical":"https:\/\/woven.sk\/en\/contact\/","og_locale":"en_US","og_type":"article","og_title":"Contact | woven","og_description":"If you are interested, do not hesitate to contact us. OZ WOVEN Brnianska 25, 811 04 Bratislava | E-mail: studio@woven.sk","og_url":"https:\/\/woven.sk\/en\/contact\/","og_site_name":"woven","article_publisher":"https:\/\/www.facebook.com\/popletene","article_modified_time":"2023-12-06T21:14:22+00:00","og_image":[{"width":2160,"height":1440,"url":"https:\/\/woven.sk\/wp-content\/uploads\/2023\/11\/woven-workshop-forest-sauna-final-31.jpg","type":"image\/jpeg"}],"twitter_card":"summary_large_image","twitter_misc":{"Est. reading time":"1 minute"},"schema":{"@context":"https:\/\/schema.org","@graph":[{"@type":"WebPage","@id":"https:\/\/woven.sk\/en\/contact\/","url":"https:\/\/woven.sk\/en\/contact\/","name":"Contact | woven","isPartOf":{"@id":"https:\/\/woven.sk\/en\/#website"},"datePublished":"2023-03-17T15:19:09+00:00","dateModified":"2023-12-06T21:14:22+00:00","description":"If you are interested, do not hesitate to contact us. OZ WOVEN Brnianska 25, 811 04 Bratislava | E-mail: studio@woven.sk","breadcrumb":{"@id":"https:\/\/woven.sk\/en\/contact\/#breadcrumb"},"inLanguage":"en-US","potentialAction":[{"@type":"ReadAction","target":["https:\/\/woven.sk\/en\/contact\/"]}]},{"@type":"BreadcrumbList","@id":"https:\/\/woven.sk\/en\/contact\/#breadcrumb","itemListElement":[{"@type":"ListItem","position":1,"name":"Home","item":"https:\/\/woven.sk\/en\/"},{"@type":"ListItem","position":2,"name":"Contact"}]},{"@type":"WebSite","@id":"https:\/\/woven.sk\/en\/#website","url":"https:\/\/woven.sk\/en\/","name":"WOVEN","description":"","publisher":{"@id":"https:\/\/woven.sk\/en\/#organization"},"potentialAction":[{"@type":"SearchAction","target":{"@type":"EntryPoint","urlTemplate":"https:\/\/woven.sk\/en\/?s={search_term_string}"},"query-input":"required name=search_term_string"}],"inLanguage":"en-US"},{"@type":"Organization","@id":"https:\/\/woven.sk\/en\/#organization","name":"WOVEN","url":"https:\/\/woven.sk\/en\/","logo":{"@type":"ImageObject","inLanguage":"en-US","@id":"https:\/\/woven.sk\/en\/#\/schema\/logo\/image\/","url":"https:\/\/woven.sk\/wp-content\/uploads\/2023\/03\/woven_logo_3.gif","contentUrl":"https:\/\/woven.sk\/wp-content\/uploads\/2023\/03\/woven_logo_3.gif","width":430,"height":180,"caption":"WOVEN"},"image":{"@id":"https:\/\/woven.sk\/en\/#\/schema\/logo\/image\/"},"sameAs":["https:\/\/www.facebook.com\/popletene","https:\/\/www.instagram.com\/woven_studio\/"]}]}},"_links":{"self":[{"href":"https:\/\/woven.sk\/en\/wp-json\/wp\/v2\/pages\/92"}],"collection":[{"href":"https:\/\/woven.sk\/en\/wp-json\/wp\/v2\/pages"}],"about":[{"href":"https:\/\/woven.sk\/en\/wp-json\/wp\/v2\/types\/page"}],"author":[{"embeddable":true,"href":"https:\/\/woven.sk\/en\/wp-json\/wp\/v2\/users\/1"}],"replies":[{"embeddable":true,"href":"https:\/\/woven.sk\/en\/wp-json\/wp\/v2\/comments?post=92"}],"version-history":[{"count":1,"href":"https:\/\/woven.sk\/en\/wp-json\/wp\/v2\/pages\/92\/revisions"}],"predecessor-version":[{"id":3019,"href":"https:\/\/woven.sk\/en\/wp-json\/wp\/v2\/pages\/92\/revisions\/3019"}],"wp:attachment":[{"href":"https:\/\/woven.sk\/en\/wp-json\/wp\/v2\/media?parent=92"}],"curies":[{"name":"wp","href":"https:\/\/api.w.org\/{rel}","templated":true}]}}