{"id":110,"date":"2023-03-17T17:03:16","date_gmt":"2023-03-17T16:03:16","guid":{"rendered":"https:\/\/woven.sk\/?page_id=110"},"modified":"2023-12-06T22:18:43","modified_gmt":"2023-12-06T21:18:43","slug":"studio","status":"publish","type":"page","link":"https:\/\/woven.sk\/en\/studio\/","title":{"rendered":"Studio"},"content":{"rendered":"\t\t<div data-elementor-type=\"wp-page\" data-elementor-id=\"110\" class=\"elementor elementor-110\" data-elementor-post-type=\"page\">\n\t\t\t\t\t\t\t\t\t<section class=\"elementor-section elementor-top-section elementor-element elementor-element-d1727e1 elementor-section-boxed elementor-section-height-default elementor-section-height-default\" data-id=\"d1727e1\" data-element_type=\"section\">\n\t\t\t\t\t\t<div class=\"elementor-container elementor-column-gap-default\">\n\t\t\t\t\t<div class=\"elementor-column elementor-col-100 elementor-top-column elementor-element elementor-element-4b9cdb9\" data-id=\"4b9cdb9\" data-element_type=\"column\">\n\t\t\t<div class=\"elementor-widget-wrap elementor-element-populated\">\n\t\t\t\t\t\t\t\t<section class=\"elementor-section elementor-inner-section elementor-element elementor-element-e0a5f07 elementor-section-boxed elementor-section-height-default elementor-section-height-default\" data-id=\"e0a5f07\" data-element_type=\"section\">\n\t\t\t\t\t\t<div class=\"elementor-container elementor-column-gap-default\">\n\t\t\t\t\t<div class=\"elementor-column elementor-col-66 elementor-inner-column elementor-element elementor-element-9dfefaa\" data-id=\"9dfefaa\" data-element_type=\"column\">\n\t\t\t<div class=\"elementor-widget-wrap elementor-element-populated\">\n\t\t\t\t\t\t\t\t<div class=\"elementor-element elementor-element-d6f9c0e elementor-widget elementor-widget-heading\" data-id=\"d6f9c0e\" data-element_type=\"widget\" data-widget_type=\"heading.default\">\n\t\t\t\t<div class=\"elementor-widget-container\">\n\t\t\t<style>\/*! elementor - v3.17.0 - 08-11-2023 *\/\n.elementor-heading-title{padding:0;margin:0;line-height:1}.elementor-widget-heading .elementor-heading-title[class*=elementor-size-]>a{color:inherit;font-size:inherit;line-height:inherit}.elementor-widget-heading .elementor-heading-title.elementor-size-small{font-size:15px}.elementor-widget-heading .elementor-heading-title.elementor-size-medium{font-size:19px}.elementor-widget-heading .elementor-heading-title.elementor-size-large{font-size:29px}.elementor-widget-heading .elementor-heading-title.elementor-size-xl{font-size:39px}.elementor-widget-heading .elementor-heading-title.elementor-size-xxl{font-size:59px}<\/style><h1 class=\"elementor-heading-title elementor-size-default\">ABOUT US<\/h1>\t\t<\/div>\n\t\t\t\t<\/div>\n\t\t\t\t<div class=\"elementor-element elementor-element-6ff79c8 elementor-widget elementor-widget-text-editor\" data-id=\"6ff79c8\" data-element_type=\"widget\" data-widget_type=\"text-editor.default\">\n\t\t\t\t<div class=\"elementor-widget-container\">\n\t\t\t<style>\/*! elementor - v3.17.0 - 08-11-2023 *\/\n.elementor-widget-text-editor.elementor-drop-cap-view-stacked .elementor-drop-cap{background-color:#69727d;color:#fff}.elementor-widget-text-editor.elementor-drop-cap-view-framed .elementor-drop-cap{color:#69727d;border:3px solid;background-color:transparent}.elementor-widget-text-editor:not(.elementor-drop-cap-view-default) .elementor-drop-cap{margin-top:8px}.elementor-widget-text-editor:not(.elementor-drop-cap-view-default) .elementor-drop-cap-letter{width:1em;height:1em}.elementor-widget-text-editor .elementor-drop-cap{float:left;text-align:center;line-height:1;font-size:50px}.elementor-widget-text-editor .elementor-drop-cap-letter{display:inline-block}<\/style>\t\t\t\t<p>The first idea of a collaborative collective was born back in 2010 while still studying together at the Academy of Fine Arts and Design in Bratislava, but it gained a more substantial form after we each graduated. Since 2014, WOVEN as a platform of four architects (Anna Cs\u00e9falvay, Marianna Maczov\u00e1, Veronika Michal\u00edkov\u00e1 and Danica Pi\u0161tekov\u00e1) and as a non-profit organization has primarily focused on small-scale projects such as public space interventions, urban furniture, exhibition systems, and educational events. Our interventions are often a playful layering of ideas that create micro-environments and invite users to participate in defining the use and understanding of the space. We like to think beyond the brief and conceptualize and reframe our relationship to spaces and how we use them. We see public space interventions as more than benches and stages and strive to find new ways to engage people and encourage discovery.\u00a0<\/p>\t\t\t\t\t\t<\/div>\n\t\t\t\t<\/div>\n\t\t\t\t\t<\/div>\n\t\t<\/div>\n\t\t\t\t<div class=\"elementor-column elementor-col-33 elementor-inner-column elementor-element elementor-element-b5944f5 elementor-hidden-tablet elementor-hidden-mobile\" data-id=\"b5944f5\" data-element_type=\"column\">\n\t\t\t<div class=\"elementor-widget-wrap\">\n\t\t\t\t\t\t\t\t\t<\/div>\n\t\t<\/div>\n\t\t\t\t\t\t\t<\/div>\n\t\t<\/section>\n\t\t\t\t\t<\/div>\n\t\t<\/div>\n\t\t\t\t\t\t\t<\/div>\n\t\t<\/section>\n\t\t<div class=\"elementor-element elementor-element-78048b3 e-flex e-con-boxed e-con e-parent\" data-id=\"78048b3\" data-element_type=\"container\" data-settings=\"{&quot;background_background&quot;:&quot;classic&quot;,&quot;content_width&quot;:&quot;boxed&quot;}\" data-core-v316-plus=\"true\">\n\t\t\t\t\t<div class=\"e-con-inner\">\n\t\t<div class=\"elementor-element elementor-element-3fd8a1c e-con-full e-flex e-con e-child\" data-id=\"3fd8a1c\" data-element_type=\"container\" data-settings=\"{&quot;content_width&quot;:&quot;full&quot;}\">\n\t\t\t\t<div class=\"elementor-element elementor-element-8bc4979 elementor-widget elementor-widget-text-editor\" data-id=\"8bc4979\" data-element_type=\"widget\" data-widget_type=\"text-editor.default\">\n\t\t\t\t<div class=\"elementor-widget-container\">\n\t\t\t\t\t\t\t<p><em>\u201cAs we weave our threads through the fabric of architecture, <br \/><\/em><em>we create a tapestry of community, space, and thought.\u201d<\/em><\/p>\t\t\t\t\t\t<\/div>\n\t\t\t\t<\/div>\n\t\t\t\t<\/div>\n\t\t\t\t\t<\/div>\n\t\t\t\t<\/div>\n\t\t\t\t<section class=\"elementor-section elementor-top-section elementor-element elementor-element-d2bcd10 elementor-section-boxed elementor-section-height-default elementor-section-height-default\" data-id=\"d2bcd10\" data-element_type=\"section\">\n\t\t\t\t\t\t<div class=\"elementor-container elementor-column-gap-default\">\n\t\t\t\t\t<div class=\"elementor-column elementor-col-100 elementor-top-column elementor-element elementor-element-12254ad\" data-id=\"12254ad\" data-element_type=\"column\">\n\t\t\t<div class=\"elementor-widget-wrap elementor-element-populated\">\n\t\t\t\t\t\t\t\t<section class=\"elementor-section elementor-inner-section elementor-element elementor-element-04a3078 elementor-section-boxed elementor-section-height-default elementor-section-height-default\" data-id=\"04a3078\" data-element_type=\"section\">\n\t\t\t\t\t\t<div class=\"elementor-container elementor-column-gap-default\">\n\t\t\t\t\t<div class=\"elementor-column elementor-col-66 elementor-inner-column elementor-element elementor-element-89a43b3\" data-id=\"89a43b3\" data-element_type=\"column\">\n\t\t\t<div class=\"elementor-widget-wrap elementor-element-populated\">\n\t\t\t\t\t\t\t\t<div class=\"elementor-element elementor-element-4888d6b elementor-widget elementor-widget-text-editor\" data-id=\"4888d6b\" data-element_type=\"widget\" data-widget_type=\"text-editor.default\">\n\t\t\t\t<div class=\"elementor-widget-container\">\n\t\t\t\t\t\t\t<p>With our approach, we are able to be involved in all stages of the project with a better understanding of materials and construction processes. This allows us to shape the environment haptically and approach architecture, communities, landscape, and layers that existed before us in a more active way. The result is not finished static objects but rather playful, open, flexible, or adaptable systems, frames, and grids. We turn deficiencies into a method, creating objects that are open to interpretation and interaction and become lively places that change easily based on context and usage.<\/p>\t\t\t\t\t\t<\/div>\n\t\t\t\t<\/div>\n\t\t\t\t\t<\/div>\n\t\t<\/div>\n\t\t\t\t<div class=\"elementor-column elementor-col-33 elementor-inner-column elementor-element elementor-element-0ab0580 elementor-hidden-tablet elementor-hidden-mobile\" data-id=\"0ab0580\" data-element_type=\"column\">\n\t\t\t<div class=\"elementor-widget-wrap\">\n\t\t\t\t\t\t\t\t\t<\/div>\n\t\t<\/div>\n\t\t\t\t\t\t\t<\/div>\n\t\t<\/section>\n\t\t\t\t\t<\/div>\n\t\t<\/div>\n\t\t\t\t\t\t\t<\/div>\n\t\t<\/section>\n\t\t\t\t<section class=\"elementor-section elementor-top-section elementor-element elementor-element-c203a29 elementor-section-boxed elementor-section-height-default elementor-section-height-default\" data-id=\"c203a29\" data-element_type=\"section\">\n\t\t\t\t\t\t<div class=\"elementor-container elementor-column-gap-default\">\n\t\t\t\t\t<div class=\"elementor-column elementor-col-100 elementor-top-column elementor-element elementor-element-5d6a517\" data-id=\"5d6a517\" data-element_type=\"column\">\n\t\t\t<div class=\"elementor-widget-wrap elementor-element-populated\">\n\t\t\t\t\t\t\t\t<section class=\"elementor-section elementor-inner-section elementor-element elementor-element-c26e26f elementor-section-boxed elementor-section-height-default elementor-section-height-default\" data-id=\"c26e26f\" data-element_type=\"section\">\n\t\t\t\t\t\t<div class=\"elementor-container elementor-column-gap-default\">\n\t\t\t\t\t<div class=\"elementor-column elementor-col-33 elementor-inner-column elementor-element elementor-element-17d451f\" data-id=\"17d451f\" data-element_type=\"column\">\n\t\t\t<div class=\"elementor-widget-wrap elementor-element-populated\">\n\t\t\t\t\t\t\t\t<div class=\"elementor-element elementor-element-47d6b98 elementor-widget elementor-widget-heading\" data-id=\"47d6b98\" data-element_type=\"widget\" data-widget_type=\"heading.default\">\n\t\t\t\t<div class=\"elementor-widget-container\">\n\t\t\t<h2 class=\"elementor-heading-title elementor-size-default\">Prices & Nominations<\/h2>\t\t<\/div>\n\t\t\t\t<\/div>\n\t\t\t\t<div class=\"elementor-element elementor-element-4bf9b48 elementor-widget elementor-widget-text-editor\" data-id=\"4bf9b48\" data-element_type=\"widget\" data-widget_type=\"text-editor.default\">\n\t\t\t\t<div class=\"elementor-widget-container\">\n\t\t\t\t\t\t\t<table class=\"prices-nominations\">\n<tbody>\n<tr>\n<th>2020<\/th>\n<td>BIG SEE Wood Design &#8211; Winner, project Rampol\u00edna, result of [1:1] WORKSHOP,\nvolume 7<\/td>\n<\/tr>\n<tr>\n<th>2020<\/th>\n<td>CE.ZA.AR (Slovak prize for architecture), Nomination in phenomenon category, project Forest Sauna<\/td>\n<\/tr>\n<tr>\n<th>2019<\/th>\n<td>CE.ZA.AR (Slovak prize for architecture), Nomination in exterior category, project Nailith, result of [1:1] WORKSHOP, volume 6<\/td>\n<\/tr>\n<tr>\n<th>2018<\/th>\n<td>CE.ZA.AR (Slovak prize for architecture), Nomination in exterior category, project SUPERGOLA, result of [1:1 ] WORKSHOP, volume 5<\/td>\n<\/tr>\n<tr>\n<th>2017<\/th>\n<td>CE.ZA.AR (Slovak prize for architecture), Nomination in exterior category, project UWO, result of [1:1] WORKSHOP, volume 4<\/td>\n<\/tr>\n<tr>\n<th>2017<\/th>\n<td>Nomination for Du\u0161an Jurkovi\u010d Award (architectural award), project UWO, result of [1:1] WORKSHOP, volume 4<\/td>\n<\/tr>\n<tr>\n<th>2017<\/th>\n<td>competition T\u0159et\u00ed prostor, Zl\u00edn (CZ), project \u201cJ\u00e1-my\u201d was one of the four winning projects<\/td>\n<\/tr>\n<tr>\n<th>2016<\/th>\n<td>Nomination for prize of magazine ARCH, project UWO result of [1:1] WORKSHOP, volume 4<\/td>\n<\/tr>\n<tr>\n<th>2016<\/th>\n<td>Cultural Act of 2016 in Pie\u0161\u0165any (SVK), [1:1] WORKSHOP, volume 4<\/td>\n<\/tr>\n<\/tbody>\n<\/table>\t\t\t\t\t\t<\/div>\n\t\t\t\t<\/div>\n\t\t\t\t\t<\/div>\n\t\t<\/div>\n\t\t\t\t<div class=\"elementor-column elementor-col-33 elementor-inner-column elementor-element elementor-element-bba6d16\" data-id=\"bba6d16\" data-element_type=\"column\">\n\t\t\t<div class=\"elementor-widget-wrap elementor-element-populated\">\n\t\t\t\t\t\t\t\t<div class=\"elementor-element elementor-element-191cb26 elementor-widget elementor-widget-heading\" data-id=\"191cb26\" data-element_type=\"widget\" data-widget_type=\"heading.default\">\n\t\t\t\t<div class=\"elementor-widget-container\">\n\t\t\t<h2 class=\"elementor-heading-title elementor-size-default\">Exhibitions<\/h2>\t\t<\/div>\n\t\t\t\t<\/div>\n\t\t\t\t<div class=\"elementor-element elementor-element-305c80b elementor-widget elementor-widget-text-editor\" data-id=\"305c80b\" data-element_type=\"widget\" data-widget_type=\"text-editor.default\">\n\t\t\t\t<div class=\"elementor-widget-container\">\n\t\t\t\t\t\t\t<table class=\"prices-nominations\"><tbody><tr><th><span style=\"white-space: pre-wrap;\">10. 2021<\/span><\/th><td>Veci Verejn\u00e9, Gal\u00e9ria Vonku,<br \/>Partiz\u00e1nske (SVK)<\/td><\/tr><tr><th>03. 2018<\/th><td>Fakulty of Architecture, STU, Bratislava (SVK), [1:1] WORKSHOP 2013-2017<\/td><\/tr><tr><th>02. 2018<\/th><td>Wood Salon, exhibition + catalog, Praha (CZ), Bratislava (SVK)<\/td><\/tr><tr><th>10. 2017<\/th><td>Exhibition of photographs from [1:1] WORKSHOP, Foaj\u00e9, Bratislava (SVK)<\/td><\/tr><\/tbody><\/table>\t\t\t\t\t\t<\/div>\n\t\t\t\t<\/div>\n\t\t\t\t\t<\/div>\n\t\t<\/div>\n\t\t\t\t<div class=\"elementor-column elementor-col-33 elementor-inner-column elementor-element elementor-element-0ffba20 elementor-hidden-tablet elementor-hidden-mobile\" data-id=\"0ffba20\" data-element_type=\"column\">\n\t\t\t<div class=\"elementor-widget-wrap\">\n\t\t\t\t\t\t\t\t\t<\/div>\n\t\t<\/div>\n\t\t\t\t\t\t\t<\/div>\n\t\t<\/section>\n\t\t\t\t\t<\/div>\n\t\t<\/div>\n\t\t\t\t\t\t\t<\/div>\n\t\t<\/section>\n\t\t\t\t\t\t\t<\/div>\n\t\t","protected":false},"excerpt":{"rendered":"<p>ABOUT US The first idea of a collaborative collective was born back in 2010 while still studying together at the Academy of Fine Arts and Design in Bratislava, but it gained a more substantial form after we each graduated. Since 2014, WOVEN as a platform of four architects (Anna Cs\u00e9falvay, Marianna Maczov\u00e1, Veronika Michal\u00edkov\u00e1 and [&hellip;]<\/p>\n","protected":false},"author":1,"featured_media":0,"parent":0,"menu_order":0,"comment_status":"closed","ping_status":"closed","template":"","meta":{"footnotes":""},"yoast_head":"<!-- This site is optimized with the Yoast SEO plugin v21.6 - https:\/\/yoast.com\/wordpress\/plugins\/seo\/ -->\n<title>Studio | woven<\/title>\n<meta name=\"description\" content=\"We see public space interventions as more than benches and stages and strive to find new ways to engage people and encourage discovery.\" \/>\n<meta name=\"robots\" content=\"index, follow, max-snippet:-1, max-image-preview:large, max-video-preview:-1\" \/>\n<link rel=\"canonical\" href=\"https:\/\/woven.sk\/en\/studio\/\" \/>\n<meta property=\"og:locale\" content=\"en_US\" \/>\n<meta property=\"og:type\" content=\"article\" \/>\n<meta property=\"og:title\" content=\"Studio | woven\" \/>\n<meta property=\"og:description\" content=\"We see public space interventions as more than benches and stages and strive to find new ways to engage people and encourage discovery.\" \/>\n<meta property=\"og:url\" content=\"https:\/\/woven.sk\/en\/studio\/\" \/>\n<meta property=\"og:site_name\" content=\"woven\" \/>\n<meta property=\"article:publisher\" content=\"https:\/\/www.facebook.com\/popletene\" \/>\n<meta property=\"article:modified_time\" content=\"2023-12-06T21:18:43+00:00\" \/>\n<meta property=\"og:image\" content=\"https:\/\/woven.sk\/wp-content\/uploads\/2023\/11\/woven-workshop-forest-sauna-final-31.jpg\" \/>\n\t<meta property=\"og:image:width\" content=\"2160\" \/>\n\t<meta property=\"og:image:height\" content=\"1440\" \/>\n\t<meta property=\"og:image:type\" content=\"image\/jpeg\" \/>\n<meta name=\"twitter:card\" content=\"summary_large_image\" \/>\n<meta name=\"twitter:label1\" content=\"Est. reading time\" \/>\n\t<meta name=\"twitter:data1\" content=\"2 minutes\" \/>\n<script type=\"application\/ld+json\" class=\"yoast-schema-graph\">{\"@context\":\"https:\/\/schema.org\",\"@graph\":[{\"@type\":\"WebPage\",\"@id\":\"https:\/\/woven.sk\/en\/studio\/\",\"url\":\"https:\/\/woven.sk\/en\/studio\/\",\"name\":\"Studio | woven\",\"isPartOf\":{\"@id\":\"https:\/\/woven.sk\/en\/#website\"},\"datePublished\":\"2023-03-17T16:03:16+00:00\",\"dateModified\":\"2023-12-06T21:18:43+00:00\",\"description\":\"We see public space interventions as more than benches and stages and strive to find new ways to engage people and encourage discovery.\",\"breadcrumb\":{\"@id\":\"https:\/\/woven.sk\/en\/studio\/#breadcrumb\"},\"inLanguage\":\"en-US\",\"potentialAction\":[{\"@type\":\"ReadAction\",\"target\":[\"https:\/\/woven.sk\/en\/studio\/\"]}]},{\"@type\":\"BreadcrumbList\",\"@id\":\"https:\/\/woven.sk\/en\/studio\/#breadcrumb\",\"itemListElement\":[{\"@type\":\"ListItem\",\"position\":1,\"name\":\"Home\",\"item\":\"https:\/\/woven.sk\/en\/\"},{\"@type\":\"ListItem\",\"position\":2,\"name\":\"Studio\"}]},{\"@type\":\"WebSite\",\"@id\":\"https:\/\/woven.sk\/en\/#website\",\"url\":\"https:\/\/woven.sk\/en\/\",\"name\":\"WOVEN\",\"description\":\"\",\"publisher\":{\"@id\":\"https:\/\/woven.sk\/en\/#organization\"},\"potentialAction\":[{\"@type\":\"SearchAction\",\"target\":{\"@type\":\"EntryPoint\",\"urlTemplate\":\"https:\/\/woven.sk\/en\/?s={search_term_string}\"},\"query-input\":\"required name=search_term_string\"}],\"inLanguage\":\"en-US\"},{\"@type\":\"Organization\",\"@id\":\"https:\/\/woven.sk\/en\/#organization\",\"name\":\"WOVEN\",\"url\":\"https:\/\/woven.sk\/en\/\",\"logo\":{\"@type\":\"ImageObject\",\"inLanguage\":\"en-US\",\"@id\":\"https:\/\/woven.sk\/en\/#\/schema\/logo\/image\/\",\"url\":\"https:\/\/woven.sk\/wp-content\/uploads\/2023\/03\/woven_logo_3.gif\",\"contentUrl\":\"https:\/\/woven.sk\/wp-content\/uploads\/2023\/03\/woven_logo_3.gif\",\"width\":430,\"height\":180,\"caption\":\"WOVEN\"},\"image\":{\"@id\":\"https:\/\/woven.sk\/en\/#\/schema\/logo\/image\/\"},\"sameAs\":[\"https:\/\/www.facebook.com\/popletene\",\"https:\/\/www.instagram.com\/woven_studio\/\"]}]}<\/script>\n<!-- \/ Yoast SEO plugin. -->","yoast_head_json":{"title":"Studio | woven","description":"We see public space interventions as more than benches and stages and strive to find new ways to engage people and encourage discovery.","robots":{"index":"index","follow":"follow","max-snippet":"max-snippet:-1","max-image-preview":"max-image-preview:large","max-video-preview":"max-video-preview:-1"},"canonical":"https:\/\/woven.sk\/en\/studio\/","og_locale":"en_US","og_type":"article","og_title":"Studio | woven","og_description":"We see public space interventions as more than benches and stages and strive to find new ways to engage people and encourage discovery.","og_url":"https:\/\/woven.sk\/en\/studio\/","og_site_name":"woven","article_publisher":"https:\/\/www.facebook.com\/popletene","article_modified_time":"2023-12-06T21:18:43+00:00","og_image":[{"width":2160,"height":1440,"url":"https:\/\/woven.sk\/wp-content\/uploads\/2023\/11\/woven-workshop-forest-sauna-final-31.jpg","type":"image\/jpeg"}],"twitter_card":"summary_large_image","twitter_misc":{"Est. reading time":"2 minutes"},"schema":{"@context":"https:\/\/schema.org","@graph":[{"@type":"WebPage","@id":"https:\/\/woven.sk\/en\/studio\/","url":"https:\/\/woven.sk\/en\/studio\/","name":"Studio | woven","isPartOf":{"@id":"https:\/\/woven.sk\/en\/#website"},"datePublished":"2023-03-17T16:03:16+00:00","dateModified":"2023-12-06T21:18:43+00:00","description":"We see public space interventions as more than benches and stages and strive to find new ways to engage people and encourage discovery.","breadcrumb":{"@id":"https:\/\/woven.sk\/en\/studio\/#breadcrumb"},"inLanguage":"en-US","potentialAction":[{"@type":"ReadAction","target":["https:\/\/woven.sk\/en\/studio\/"]}]},{"@type":"BreadcrumbList","@id":"https:\/\/woven.sk\/en\/studio\/#breadcrumb","itemListElement":[{"@type":"ListItem","position":1,"name":"Home","item":"https:\/\/woven.sk\/en\/"},{"@type":"ListItem","position":2,"name":"Studio"}]},{"@type":"WebSite","@id":"https:\/\/woven.sk\/en\/#website","url":"https:\/\/woven.sk\/en\/","name":"WOVEN","description":"","publisher":{"@id":"https:\/\/woven.sk\/en\/#organization"},"potentialAction":[{"@type":"SearchAction","target":{"@type":"EntryPoint","urlTemplate":"https:\/\/woven.sk\/en\/?s={search_term_string}"},"query-input":"required name=search_term_string"}],"inLanguage":"en-US"},{"@type":"Organization","@id":"https:\/\/woven.sk\/en\/#organization","name":"WOVEN","url":"https:\/\/woven.sk\/en\/","logo":{"@type":"ImageObject","inLanguage":"en-US","@id":"https:\/\/woven.sk\/en\/#\/schema\/logo\/image\/","url":"https:\/\/woven.sk\/wp-content\/uploads\/2023\/03\/woven_logo_3.gif","contentUrl":"https:\/\/woven.sk\/wp-content\/uploads\/2023\/03\/woven_logo_3.gif","width":430,"height":180,"caption":"WOVEN"},"image":{"@id":"https:\/\/woven.sk\/en\/#\/schema\/logo\/image\/"},"sameAs":["https:\/\/www.facebook.com\/popletene","https:\/\/www.instagram.com\/woven_studio\/"]}]}},"_links":{"self":[{"href":"https:\/\/woven.sk\/en\/wp-json\/wp\/v2\/pages\/110"}],"collection":[{"href":"https:\/\/woven.sk\/en\/wp-json\/wp\/v2\/pages"}],"about":[{"href":"https:\/\/woven.sk\/en\/wp-json\/wp\/v2\/types\/page"}],"author":[{"embeddable":true,"href":"https:\/\/woven.sk\/en\/wp-json\/wp\/v2\/users\/1"}],"replies":[{"embeddable":true,"href":"https:\/\/woven.sk\/en\/wp-json\/wp\/v2\/comments?post=110"}],"version-history":[{"count":1,"href":"https:\/\/woven.sk\/en\/wp-json\/wp\/v2\/pages\/110\/revisions"}],"predecessor-version":[{"id":3020,"href":"https:\/\/woven.sk\/en\/wp-json\/wp\/v2\/pages\/110\/revisions\/3020"}],"wp:attachment":[{"href":"https:\/\/woven.sk\/en\/wp-json\/wp\/v2\/media?parent=110"}],"curies":[{"name":"wp","href":"https:\/\/api.w.org\/{rel}","templated":true}]}}